{"id":2630,"date":"2022-09-22T06:02:52","date_gmt":"2022-09-22T06:02:52","guid":{"rendered":"http:\/\/uk.humaxev.com\/?page_id=2630"},"modified":"2025-06-20T07:34:29","modified_gmt":"2025-06-20T06:34:29","slug":"terms-conditions","status":"publish","type":"page","link":"https:\/\/humaxcharging.com\/de\/terms-conditions\/","title":{"rendered":"Terms and Conditions"},"content":{"rendered":"\t\t<div data-elementor-type=\"wp-page\" data-elementor-id=\"2630\" class=\"elementor elementor-2630\" data-elementor-post-type=\"page\">\n\t\t\t\t\t\t<section class=\"elementor-section elementor-top-section elementor-element elementor-element-e5a3157 elementor-section-boxed elementor-section-height-default elementor-section-height-default\" data-id=\"e5a3157\" data-element_type=\"section\" data-settings=\"{&quot;background_background&quot;:&quot;classic&quot;}\">\n\t\t\t\t\t\t\t<div class=\"elementor-background-overlay\"><\/div>\n\t\t\t\t\t\t\t<div class=\"elementor-container elementor-column-gap-no\">\n\t\t\t\t\t<div class=\"elementor-column elementor-col-100 elementor-top-column elementor-element elementor-element-1863ca0\" data-id=\"1863ca0\" data-element_type=\"column\">\n\t\t\t<div class=\"elementor-widget-wrap elementor-element-populated\">\n\t\t\t\t\t\t<div class=\"elementor-element elementor-element-2352c3b elementor-widget elementor-widget-heading\" data-id=\"2352c3b\" data-element_type=\"widget\" data-widget_type=\"heading.default\">\n\t\t\t\t<div class=\"elementor-widget-container\">\n\t\t\t<style>\/*! elementor - v3.19.0 - 07-02-2024 *\/\n.elementor-heading-title{padding:0;margin:0;line-height:1}.elementor-widget-heading .elementor-heading-title[class*=elementor-size-]>a{color:inherit;font-size:inherit;line-height:inherit}.elementor-widget-heading .elementor-heading-title.elementor-size-small{font-size:15px}.elementor-widget-heading .elementor-heading-title.elementor-size-medium{font-size:19px}.elementor-widget-heading .elementor-heading-title.elementor-size-large{font-size:29px}.elementor-widget-heading .elementor-heading-title.elementor-size-xl{font-size:39px}.elementor-widget-heading .elementor-heading-title.elementor-size-xxl{font-size:59px}<\/style><h2 class=\"elementor-heading-title elementor-size-default\">Allgemeine Gesch\u00e4ftsbedingungen<\/h2>\t\t<\/div>\n\t\t\t\t<\/div>\n\t\t\t\t<div class=\"elementor-element elementor-element-dbc9667 uael-button-halign-center uael-button-stack-none elementor-widget elementor-widget-uael-buttons\" data-id=\"dbc9667\" data-element_type=\"widget\" data-widget_type=\"uael-buttons.default\">\n\t\t\t\t<div class=\"elementor-widget-container\">\n\t\t\t\t\t<div class=\"uael-dual-button-outer-wrap\">\n\t\t\t<div class=\"uael-dual-button-wrap\">\n\t\t\t\t\t\t\t\t<div class=\"uael-button-wrapper elementor-button-wrapper uael-dual-button elementor-repeater-item-907cace uael-dual-button-0\">\n\t\t\t\t\t<a class=\"elementor-button-link elementor-button elementor-size-sm elementor-button-link\" href=\"\/de\/terms-conditions\/\">\n\t\t\t\t\t\t\t\t<span class=\"elementor-button-content-wrapper uael-buttons-icon-\">\n\t\t\t\t\t\t\t\t\t\t\t\t<span class=\"elementor-align-icon- elementor-button-icon\">\n\t\t\t\t\t\t\t\t\t\t\t<\/span>\n\t\t\t\t\t\t\t\t\t\t<span class=\"elementor-button-text elementor-inline-editing\" data-elementor-setting-key=\"buttons.0.text\" data-elementor-inline-editing-toolbar=\"none\">Allgemeine<\/span>\n\t\t<\/span>\n\t\t\t\t\t\t\t<\/a>\n\t\t\t\t<\/div>\n\t\t\t\t\t\t\t\t<div class=\"uael-button-wrapper elementor-button-wrapper uael-dual-button elementor-repeater-item-afbf4d7 uael-dual-button-1\">\n\t\t\t\t\t<a class=\"elementor-button-link elementor-button elementor-size-sm elementor-button-link\" href=\"\/de\/app-terms-conditions\/\">\n\t\t\t\t\t\t\t\t<span class=\"elementor-button-content-wrapper uael-buttons-icon- elementor-button-content-wrapper uael-buttons-icon-\">\n\t\t\t\t\t\t\t\t\t\t\t\t<span class=\"elementor-align-icon- elementor-button-icon\">\n\t\t\t\t\t\t\t\t\t\t\t<\/span>\n\t\t\t\t\t\t\t\t\t\t<span class=\"elementor-button-text elementor-inline-editing\" data-elementor-setting-key=\"buttons.1.text\" data-elementor-inline-editing-toolbar=\"none\">Mobile APP<\/span>\n\t\t<\/span>\n\t\t\t\t\t\t\t<\/a>\n\t\t\t\t<\/div>\n\t\t\t\t\t\t\t\t<div class=\"uael-button-wrapper elementor-button-wrapper uael-dual-button elementor-repeater-item-bb9cc02 uael-dual-button-2\">\n\t\t\t\t\t<a class=\"elementor-button-link elementor-button elementor-size-sm elementor-button-link\" href=\"\/de\/installer-app-terms-conditions\/\">\n\t\t\t\t\t\t\t\t<span class=\"elementor-button-content-wrapper uael-buttons-icon- elementor-button-content-wrapper uael-buttons-icon- elementor-button-content-wrapper uael-buttons-icon-\">\n\t\t\t\t\t\t\t\t\t\t\t\t<span class=\"elementor-align-icon- elementor-button-icon\">\n\t\t\t\t\t\t\t\t\t\t\t<\/span>\n\t\t\t\t\t\t\t\t\t\t<span class=\"elementor-button-text elementor-inline-editing\" data-elementor-setting-key=\"buttons.2.text\" data-elementor-inline-editing-toolbar=\"none\"> Installer-App<\/span>\n\t\t<\/span>\n\t\t\t\t\t\t\t<\/a>\n\t\t\t\t<\/div>\n\t\t\t\t\t\t\t<\/div>\n\t\t<\/div>\n\t\t\t\t<\/div>\n\t\t\t\t<\/div>\n\t\t\t\t\t<\/div>\n\t\t<\/div>\n\t\t\t\t\t<\/div>\n\t\t<\/section>\n\t\t\t\t<section class=\"elementor-section elementor-top-section elementor-element elementor-element-41c4f37 elementor-section-boxed elementor-section-height-default elementor-section-height-default\" data-id=\"41c4f37\" data-element_type=\"section\">\n\t\t\t\t\t\t<div class=\"elementor-container elementor-column-gap-default\">\n\t\t\t\t\t<div class=\"elementor-column elementor-col-100 elementor-top-column elementor-element elementor-element-a535943\" data-id=\"a535943\" data-element_type=\"column\">\n\t\t\t<div class=\"elementor-widget-wrap elementor-element-populated\">\n\t\t\t\t\t\t<div class=\"elementor-element elementor-element-ec84e86 elementor-widget elementor-widget-text-editor\" data-id=\"ec84e86\" data-element_type=\"widget\" data-widget_type=\"text-editor.default\">\n\t\t\t\t<div class=\"elementor-widget-container\">\n\t\t\t<style>\/*! elementor - v3.19.0 - 07-02-2024 *\/\n.elementor-widget-text-editor.elementor-drop-cap-view-stacked .elementor-drop-cap{background-color:#69727d;color:#fff}.elementor-widget-text-editor.elementor-drop-cap-view-framed .elementor-drop-cap{color:#69727d;border:3px solid;background-color:transparent}.elementor-widget-text-editor:not(.elementor-drop-cap-view-default) .elementor-drop-cap{margin-top:8px}.elementor-widget-text-editor:not(.elementor-drop-cap-view-default) .elementor-drop-cap-letter{width:1em;height:1em}.elementor-widget-text-editor .elementor-drop-cap{float:left;text-align:center;line-height:1;font-size:50px}.elementor-widget-text-editor .elementor-drop-cap-letter{display:inline-block}<\/style>\t\t\t\t<ol>\n<li><strong>Geltungsbereich<\/strong><br>Die folgenden Allgemeinen Gesch\u00e4ftsbedingungen regeln das Vertragsverh\u00e4ltnis zwischen Humax-Digital GmbH und Unternehmern, die unsere Waren kaufen. Entgegenstehende oder von unseren Gesch\u00e4ftsbedingungen abweichende Bedingungen werden von uns nicht anerkannt.\n<p><\/p>\n<\/li>\n<li><strong>Eigentumsvorbehalt<\/strong><br>Der Kaufgegenstand bleibt bis zur vollst\u00e4ndigen Bezahlung unser Eigentum.\n<p>Der K\u00e4ufer ist verpflichtet, solange das Eigentum noch nicht auf ihn \u00fcbergegangen ist, die Kaufsache sorgf\u00e4ltig zu behandeln. M\u00fcssen Wartungs- und Inspektionsarbeiten durchgef\u00fchrt werden, hat der K\u00e4ufer diese auf eigene Kosten rechtzeitig auszuf\u00fchren. Solange das Eigentum noch nicht \u00fcbergegangen ist, hat uns der K\u00e4ufer unverz\u00fcglich schriftlich zu benachrichtigen, wenn der gelieferte Gegenstand gepf\u00e4ndet oder sonstigen Eingriffen Dritter ausgesetzt ist. Soweit der Dritte nicht in der Lage ist, uns die gerichtlichen und au\u00dfergerichtlichen Kosten einer Klage gem\u00e4\u00df \u20ac771 ZPO zu erstatten, haftet der K\u00e4ufer f\u00fcr den uns entstandenen Ausfall.<\/p>\n<p>Der K\u00e4ufer ist zur Weiterver\u00e4u\u00dferung der Vorbehaltsware im normalen Gesch\u00e4ftsverkehr berechtigt. Die Forderungen aus der Weiterver\u00e4u\u00dferung der Vorbehaltsware tritt der K\u00e4ufer schon jetzt an uns in H\u00f6he des mit uns vereinbarten Faktura-Endbetrages (einschlie\u00dflich Mehrwertsteuer) ab. Diese Abtretung gilt unabh\u00e4ngig davon, ob die Kaufsache ohne oder nach Verarbeitung weiterverkauft worden ist. Der K\u00e4ufer bleibt zur Einziehung der Forderung auch nach der Abtretung erm\u00e4chtigt. Unsere Befugnis, die Forderung selbst einzuziehen, bleibt davon unber\u00fchrt. Wir werden jedoch die Forderung nicht einziehen, solange der K\u00e4ufer seinen Zahlungsverpflichtungen aus den vereinnahmten Erl\u00f6sen nachkommt, nicht in Zahlungsverzug ist und insbesondere kein Antrag auf Er\u00f6ffnung eines Insolvenzverfahrens gestellt ist oder Zahlungseinstellung vorliegt.<\/p>\n<p>Wir verpflichten uns, die uns zustehenden Sicherheiten auf Verlangen des K\u00e4ufers freizugeben, soweit ihr Wert die zu sichernden Forderungen um mehr als 20 % \u00fcbersteigt.<\/p>\n<p><\/p>\n<\/li>\n<li><strong>Verj\u00e4hrung der Gew\u00e4hrleistungsanspr\u00fcche<\/strong><br>Gew\u00e4hrleistungsanspr\u00fcche wegen M\u00e4ngel der Kaufsache verj\u00e4hren in einem Jahr ab Gefahr\u00fcbergang. Von dieser Regelung ausgenommen sind Schadensersatzanspr\u00fcche, Anspr\u00fcche wegen M\u00e4ngel, die wir arglistig verschwiegen, und Anspr\u00fcche aus einer Garantie, die wir f\u00fcr die Beschaffenheit der Sache \u00fcbernommen haben. Ebenfalls ausgenommen ist der R\u00fcckgriffsanspruch des K\u00e4ufers nach \u00a7 478 BGB. F\u00fcr diese ausgenommenen Anspr\u00fcche gelten die gesetzlichen Verj\u00e4hrungsfristen.\n<p><\/p>\n<\/li>\n<li><strong style=\"font-size: 16px;\">Haftungsbeschr\u00e4nkung<br><\/strong>Wir schlie\u00dfen die Haftung f\u00fcr leicht fahrl\u00e4ssige Pflichtverletzungen aus, sofern diese keine vertragswesentlichen Pflichten, Sch\u00e4den aus der Verletzung des Lebens, des K\u00f6rpers oder der Gesundheit oder Garantien betreffen oder Anspr\u00fcche nach dem Produkthaftungsgesetz ber\u00fchrt sind. Gleiches gilt f\u00fcr Pflichtverletzungen unserer Erf\u00fcllungsgehilfen und unserer gesetzlichen Vertreter. Zu den vertragswesentlichen Pflichten geh\u00f6rt insbesondere die Pflicht, Ihnen die Sache zu \u00fcbergeben und Ihnen das Eigentum daran zu verschaffen. Weiterhin haben wir Ihnen die Sache frei von Sach- und Rechtsm\u00e4ngeln zu verschaffen.\n<p><\/p>\n<\/li>\n<li><strong style=\"font-size: 16px;\">Gerichtsstand, anwendbares Recht<br><\/strong>Ausschlie\u00dflicher Gerichtsstand f\u00fcr alle Streitigkeiten aus diesem Vertrag ist unser Gesch\u00e4ftssitz, wenn der K\u00e4ufer Kaufmann ist.\n<p>Die vorliegenden AGB und die Vertr\u00e4ge, die aufgrund dieser AGB geschlossen werden, unterliegen deutschem Recht unter Ausschluss der Bestimmungen des UN-Kaufrechts (CISG).<\/p>\n<p>Stand Juli 2009<\/p>\n<\/li>\n<\/ol>\t\t\t\t\t\t<\/div>\n\t\t\t\t<\/div>\n\t\t\t\t<div class=\"elementor-element elementor-element-9616a48 elementor-widget elementor-widget-spacer\" data-id=\"9616a48\" data-element_type=\"widget\" data-widget_type=\"spacer.default\">\n\t\t\t\t<div class=\"elementor-widget-container\">\n\t\t\t<style>\/*! elementor - v3.19.0 - 07-02-2024 *\/\n.elementor-column .elementor-spacer-inner{height:var(--spacer-size)}.e-con{--container-widget-width:100%}.e-con-inner>.elementor-widget-spacer,.e-con>.elementor-widget-spacer{width:var(--container-widget-width,var(--spacer-size));--align-self:var(--container-widget-align-self,initial);--flex-shrink:0}.e-con-inner>.elementor-widget-spacer>.elementor-widget-container,.e-con>.elementor-widget-spacer>.elementor-widget-container{height:100%;width:100%}.e-con-inner>.elementor-widget-spacer>.elementor-widget-container>.elementor-spacer,.e-con>.elementor-widget-spacer>.elementor-widget-container>.elementor-spacer{height:100%}.e-con-inner>.elementor-widget-spacer>.elementor-widget-container>.elementor-spacer>.elementor-spacer-inner,.e-con>.elementor-widget-spacer>.elementor-widget-container>.elementor-spacer>.elementor-spacer-inner{height:var(--container-widget-height,var(--spacer-size))}.e-con-inner>.elementor-widget-spacer.elementor-widget-empty,.e-con>.elementor-widget-spacer.elementor-widget-empty{position:relative;min-height:22px;min-width:22px}.e-con-inner>.elementor-widget-spacer.elementor-widget-empty .elementor-widget-empty-icon,.e-con>.elementor-widget-spacer.elementor-widget-empty .elementor-widget-empty-icon{position:absolute;top:0;bottom:0;left:0;right:0;margin:auto;padding:0;width:22px;height:22px}<\/style>\t\t<div class=\"elementor-spacer\">\n\t\t\t<div class=\"elementor-spacer-inner\"><\/div>\n\t\t<\/div>\n\t\t\t\t<\/div>\n\t\t\t\t<\/div>\n\t\t\t\t\t<\/div>\n\t\t<\/div>\n\t\t\t\t\t<\/div>\n\t\t<\/section>\n\t\t\t\t<\/div>\n\t\t","protected":false},"excerpt":{"rendered":"<p>Allgemeine Gesch\u00e4ftsbedingungen Allgemeine Mobile APP Installer-App GeltungsbereichDie folgenden Allgemeinen Gesch\u00e4ftsbedingungen regeln das Vertragsverh\u00e4ltnis zwischen Humax-Digital GmbH und Unternehmern, die unsere Waren kaufen. Entgegenstehende oder von unseren Gesch\u00e4ftsbedingungen abweichende Bedingungen werden von uns nicht anerkannt. EigentumsvorbehaltDer Kaufgegenstand bleibt bis zur vollst\u00e4ndigen Bezahlung unser Eigentum. Der K\u00e4ufer ist verpflichtet, solange das Eigentum noch nicht auf ihn \u00fcbergegangen &hellip;<\/p>\n<p class=\"read-more\"> <a class=\"ast-button\" href=\"https:\/\/humaxcharging.com\/de\/terms-conditions\/\"> <span class=\"screen-reader-text\">Terms and Conditions<\/span> Read More \u00bb<\/a><\/p>\n","protected":false},"author":1,"featured_media":0,"parent":0,"menu_order":0,"comment_status":"closed","ping_status":"closed","template":"","meta":{"inline_featured_image":false,"site-sidebar-layout":"no-sidebar","site-content-layout":"page-builder","ast-site-content-layout":"","site-content-style":"default","site-sidebar-style":"default","ast-global-header-display":"","ast-banner-title-visibility":"","ast-main-header-display":"","ast-hfb-above-header-display":"","ast-hfb-below-header-display":"","ast-hfb-mobile-header-display":"","site-post-title":"disabled","ast-breadcrumbs-content":"","ast-featured-img":"disabled","footer-sml-layout":"","theme-transparent-header-meta":"disabled","adv-header-id-meta":"","stick-header-meta":"","header-above-stick-meta":"","header-main-stick-meta":"","header-below-stick-meta":"","astra-migrate-meta-layouts":"","ast-page-background-enabled":"default","ast-page-background-meta":{"desktop":{"background-color":"var(--ast-global-color-4)","background-image":"","background-repeat":"repeat","background-position":"center center","background-size":"auto","background-attachment":"scroll","background-type":"","background-media":"","overlay-type":"","overlay-color":"","overlay-gradient":""},"tablet":{"background-color":"","background-image":"","background-repeat":"repeat","background-position":"center center","background-size":"auto","background-attachment":"scroll","background-type":"","background-media":"","overlay-type":"","overlay-color":"","overlay-gradient":""},"mobile":{"background-color":"","background-image":"","background-repeat":"repeat","background-position":"center center","background-size":"auto","background-attachment":"scroll","background-type":"","background-media":"","overlay-type":"","overlay-color":"","overlay-gradient":""}},"ast-content-background-meta":{"desktop":{"background-color":"var(--ast-global-color-5)","background-image":"","background-repeat":"repeat","background-position":"center center","background-size":"auto","background-attachment":"scroll","background-type":"","background-media":"","overlay-type":"","overlay-color":"","overlay-gradient":""},"tablet":{"background-color":"var(--ast-global-color-5)","background-image":"","background-repeat":"repeat","background-position":"center center","background-size":"auto","background-attachment":"scroll","background-type":"","background-media":"","overlay-type":"","overlay-color":"","overlay-gradient":""},"mobile":{"background-color":"var(--ast-global-color-5)","background-image":"","background-repeat":"repeat","background-position":"center center","background-size":"auto","background-attachment":"scroll","background-type":"","background-media":"","overlay-type":"","overlay-color":"","overlay-gradient":""}},"footnotes":""},"yoast_head":"<!-- This site is optimized with the Yoast SEO plugin v22.0 - https:\/\/yoast.com\/wordpress\/plugins\/seo\/ -->\n<title>Terms and Conditions - HUMAX EV Charging - Deutschland<\/title>\n<meta name=\"robots\" content=\"index, follow, max-snippet:-1, max-image-preview:large, max-video-preview:-1\" \/>\n<link rel=\"canonical\" href=\"https:\/\/humaxcharging.com\/de\/terms-conditions\/\" \/>\n<meta property=\"og:locale\" content=\"en_US\" \/>\n<meta property=\"og:type\" content=\"article\" \/>\n<meta property=\"og:title\" content=\"Terms and Conditions - HUMAX EV Charging - Deutschland\" \/>\n<meta property=\"og:description\" content=\"Allgemeine Gesch\u00e4ftsbedingungen Allgemeine Mobile APP Installer-App GeltungsbereichDie folgenden Allgemeinen Gesch\u00e4ftsbedingungen regeln das Vertragsverh\u00e4ltnis zwischen Humax-Digital GmbH und Unternehmern, die unsere Waren kaufen. Entgegenstehende oder von unseren Gesch\u00e4ftsbedingungen abweichende Bedingungen werden von uns nicht anerkannt. EigentumsvorbehaltDer Kaufgegenstand bleibt bis zur vollst\u00e4ndigen Bezahlung unser Eigentum. Der K\u00e4ufer ist verpflichtet, solange das Eigentum noch nicht auf ihn \u00fcbergegangen &hellip; Terms and Conditions Read More \u00bb\" \/>\n<meta property=\"og:url\" content=\"https:\/\/humaxcharging.com\/de\/terms-conditions\/\" \/>\n<meta property=\"og:site_name\" content=\"HUMAX EV Charging - Deutschland\" \/>\n<meta property=\"article:modified_time\" content=\"2025-06-20T06:34:29+00:00\" \/>\n<meta name=\"twitter:card\" content=\"summary_large_image\" \/>\n<meta name=\"twitter:label1\" content=\"Est. reading time\" \/>\n\t<meta name=\"twitter:data1\" content=\"2 minutes\" \/>\n<script type=\"application\/ld+json\" class=\"yoast-schema-graph\">{\"@context\":\"https:\/\/schema.org\",\"@graph\":[{\"@type\":\"WebPage\",\"@id\":\"https:\/\/humaxcharging.com\/de\/terms-conditions\/\",\"url\":\"https:\/\/humaxcharging.com\/de\/terms-conditions\/\",\"name\":\"Terms and Conditions - HUMAX EV Charging - Deutschland\",\"isPartOf\":{\"@id\":\"https:\/\/humaxcharging.com\/de\/#website\"},\"datePublished\":\"2022-09-22T06:02:52+00:00\",\"dateModified\":\"2025-06-20T06:34:29+00:00\",\"breadcrumb\":{\"@id\":\"https:\/\/humaxcharging.com\/de\/terms-conditions\/#breadcrumb\"},\"inLanguage\":\"en-US\",\"potentialAction\":[{\"@type\":\"ReadAction\",\"target\":[\"https:\/\/humaxcharging.com\/de\/terms-conditions\/\"]}]},{\"@type\":\"BreadcrumbList\",\"@id\":\"https:\/\/humaxcharging.com\/de\/terms-conditions\/#breadcrumb\",\"itemListElement\":[{\"@type\":\"ListItem\",\"position\":1,\"name\":\"Home\",\"item\":\"https:\/\/humaxcharging.com\/de\/\"},{\"@type\":\"ListItem\",\"position\":2,\"name\":\"Terms and Conditions\"}]},{\"@type\":\"WebSite\",\"@id\":\"https:\/\/humaxcharging.com\/de\/#website\",\"url\":\"https:\/\/humaxcharging.com\/de\/\",\"name\":\"HUMAX EV Charging - Deutschland\",\"description\":\"EV Charger\",\"publisher\":{\"@id\":\"https:\/\/humaxcharging.com\/de\/#organization\"},\"potentialAction\":[{\"@type\":\"SearchAction\",\"target\":{\"@type\":\"EntryPoint\",\"urlTemplate\":\"https:\/\/humaxcharging.com\/de\/?s={search_term_string}\"},\"query-input\":\"required name=search_term_string\"}],\"inLanguage\":\"en-US\"},{\"@type\":\"Organization\",\"@id\":\"https:\/\/humaxcharging.com\/de\/#organization\",\"name\":\"HUMAX EV Charging - Deutschland\",\"url\":\"https:\/\/humaxcharging.com\/de\/\",\"logo\":{\"@type\":\"ImageObject\",\"inLanguage\":\"en-US\",\"@id\":\"https:\/\/humaxcharging.com\/de\/#\/schema\/logo\/image\/\",\"url\":\"https:\/\/humaxcharging.com\/de\/wp-content\/uploads\/2023\/11\/humaxevcharging-logo.svg\",\"contentUrl\":\"https:\/\/humaxcharging.com\/de\/wp-content\/uploads\/2023\/11\/humaxevcharging-logo.svg\",\"width\":298,\"height\":34,\"caption\":\"HUMAX EV Charging - Deutschland\"},\"image\":{\"@id\":\"https:\/\/humaxcharging.com\/de\/#\/schema\/logo\/image\/\"}}]}<\/script>\n<!-- \/ Yoast SEO plugin. -->","yoast_head_json":{"title":"Terms and Conditions - HUMAX EV Charging - Deutschland","robots":{"index":"index","follow":"follow","max-snippet":"max-snippet:-1","max-image-preview":"max-image-preview:large","max-video-preview":"max-video-preview:-1"},"canonical":"https:\/\/humaxcharging.com\/de\/terms-conditions\/","og_locale":"en_US","og_type":"article","og_title":"Terms and Conditions - HUMAX EV Charging - Deutschland","og_description":"Allgemeine Gesch\u00e4ftsbedingungen Allgemeine Mobile APP Installer-App GeltungsbereichDie folgenden Allgemeinen Gesch\u00e4ftsbedingungen regeln das Vertragsverh\u00e4ltnis zwischen Humax-Digital GmbH und Unternehmern, die unsere Waren kaufen. Entgegenstehende oder von unseren Gesch\u00e4ftsbedingungen abweichende Bedingungen werden von uns nicht anerkannt. EigentumsvorbehaltDer Kaufgegenstand bleibt bis zur vollst\u00e4ndigen Bezahlung unser Eigentum. Der K\u00e4ufer ist verpflichtet, solange das Eigentum noch nicht auf ihn \u00fcbergegangen &hellip; Terms and Conditions Read More \u00bb","og_url":"https:\/\/humaxcharging.com\/de\/terms-conditions\/","og_site_name":"HUMAX EV Charging - Deutschland","article_modified_time":"2025-06-20T06:34:29+00:00","twitter_card":"summary_large_image","twitter_misc":{"Est. reading time":"2 minutes"},"schema":{"@context":"https:\/\/schema.org","@graph":[{"@type":"WebPage","@id":"https:\/\/humaxcharging.com\/de\/terms-conditions\/","url":"https:\/\/humaxcharging.com\/de\/terms-conditions\/","name":"Terms and Conditions - HUMAX EV Charging - Deutschland","isPartOf":{"@id":"https:\/\/humaxcharging.com\/de\/#website"},"datePublished":"2022-09-22T06:02:52+00:00","dateModified":"2025-06-20T06:34:29+00:00","breadcrumb":{"@id":"https:\/\/humaxcharging.com\/de\/terms-conditions\/#breadcrumb"},"inLanguage":"en-US","potentialAction":[{"@type":"ReadAction","target":["https:\/\/humaxcharging.com\/de\/terms-conditions\/"]}]},{"@type":"BreadcrumbList","@id":"https:\/\/humaxcharging.com\/de\/terms-conditions\/#breadcrumb","itemListElement":[{"@type":"ListItem","position":1,"name":"Home","item":"https:\/\/humaxcharging.com\/de\/"},{"@type":"ListItem","position":2,"name":"Terms and Conditions"}]},{"@type":"WebSite","@id":"https:\/\/humaxcharging.com\/de\/#website","url":"https:\/\/humaxcharging.com\/de\/","name":"HUMAX EV Charging - Deutschland","description":"EV Charger","publisher":{"@id":"https:\/\/humaxcharging.com\/de\/#organization"},"potentialAction":[{"@type":"SearchAction","target":{"@type":"EntryPoint","urlTemplate":"https:\/\/humaxcharging.com\/de\/?s={search_term_string}"},"query-input":"required name=search_term_string"}],"inLanguage":"en-US"},{"@type":"Organization","@id":"https:\/\/humaxcharging.com\/de\/#organization","name":"HUMAX EV Charging - Deutschland","url":"https:\/\/humaxcharging.com\/de\/","logo":{"@type":"ImageObject","inLanguage":"en-US","@id":"https:\/\/humaxcharging.com\/de\/#\/schema\/logo\/image\/","url":"https:\/\/humaxcharging.com\/de\/wp-content\/uploads\/2023\/11\/humaxevcharging-logo.svg","contentUrl":"https:\/\/humaxcharging.com\/de\/wp-content\/uploads\/2023\/11\/humaxevcharging-logo.svg","width":298,"height":34,"caption":"HUMAX EV Charging - Deutschland"},"image":{"@id":"https:\/\/humaxcharging.com\/de\/#\/schema\/logo\/image\/"}}]}},"_links":{"self":[{"href":"https:\/\/humaxcharging.com\/de\/wp-json\/wp\/v2\/pages\/2630"}],"collection":[{"href":"https:\/\/humaxcharging.com\/de\/wp-json\/wp\/v2\/pages"}],"about":[{"href":"https:\/\/humaxcharging.com\/de\/wp-json\/wp\/v2\/types\/page"}],"author":[{"embeddable":true,"href":"https:\/\/humaxcharging.com\/de\/wp-json\/wp\/v2\/users\/1"}],"replies":[{"embeddable":true,"href":"https:\/\/humaxcharging.com\/de\/wp-json\/wp\/v2\/comments?post=2630"}],"version-history":[{"count":111,"href":"https:\/\/humaxcharging.com\/de\/wp-json\/wp\/v2\/pages\/2630\/revisions"}],"predecessor-version":[{"id":12269,"href":"https:\/\/humaxcharging.com\/de\/wp-json\/wp\/v2\/pages\/2630\/revisions\/12269"}],"wp:attachment":[{"href":"https:\/\/humaxcharging.com\/de\/wp-json\/wp\/v2\/media?parent=2630"}],"curies":[{"name":"wp","href":"https:\/\/api.w.org\/{rel}","templated":true}]}}